{"id":11974,"date":"2026-02-06T14:58:55","date_gmt":"2026-02-06T17:58:55","guid":{"rendered":"https:\/\/anoticiadovale.com.br\/?page_id=11974"},"modified":"2026-02-06T23:06:51","modified_gmt":"2026-02-07T02:06:51","slug":"edicoes-certificadas","status":"publish","type":"page","link":"https:\/\/anoticiadovale.com.br\/index.php\/edicoes-certificadas\/","title":{"rendered":"Edi\u00e7\u00f5es Certificadas"},"content":{"rendered":"\n<p><\/p>\n\n\n\n<p class=\"has-medium-font-size\"><strong>Edi\u00e7\u00e3o 19-12-2025<\/strong><\/p>\n\n\n\n<p><\/p>\n\n\n\n<p class=\"has-medium-font-size\"><strong>HIDROPAN DISTRIBUI\u00c7\u00c3O DE ENERGIA S.A.<\/strong><\/p>\n\n\n\n<p><\/p>\n\n\n\n<div class=\"_df_book df-lite\" id=\"df_11981\"  _slug=\"hidropan\" data-title=\"hidropan\" wpoptions=\"true\" thumbtype=\"\" ><\/div><script class=\"df-shortcode-script\" nowprocket type=\"application\/javascript\">window.option_df_11981 = {\"outline\":[],\"autoEnableOutline\":\"false\",\"autoEnableThumbnail\":\"false\",\"overwritePDFOutline\":\"false\",\"direction\":\"1\",\"pageSize\":\"0\",\"source\":\"https:\\\/\\\/anoticiadovale.com.br\\\/wp-content\\\/uploads\\\/2026\\\/02\\\/HIDROPAN.pdf\",\"wpOptions\":\"true\"}; if(window.DFLIP && window.DFLIP.parseBooks){window.DFLIP.parseBooks();}<\/script>\n\n\n\n<p class=\"has-medium-font-size\"><\/p>\n\n\n\n<p class=\"has-medium-font-size\"><strong>KNORR PRODUTOS E SERVI\u00c7OS EL\u00c9TRICOS S.A.<\/strong><\/p>\n\n\n\n<p><\/p>\n\n\n\n<div class=\"_df_book df-lite\" id=\"df_11981\"  _slug=\"hidropan\" data-title=\"hidropan\" wpoptions=\"true\" thumbtype=\"\" ><\/div><script class=\"df-shortcode-script\" nowprocket type=\"application\/javascript\">window.option_df_11981 = {\"outline\":[],\"autoEnableOutline\":\"false\",\"autoEnableThumbnail\":\"false\",\"overwritePDFOutline\":\"false\",\"direction\":\"1\",\"pageSize\":\"0\",\"source\":\"https:\\\/\\\/anoticiadovale.com.br\\\/wp-content\\\/uploads\\\/2026\\\/02\\\/HIDROPAN.pdf\",\"wpOptions\":\"true\"}; if(window.DFLIP && window.DFLIP.parseBooks){window.DFLIP.parseBooks();}<\/script>\n\n\n\n<p class=\"has-medium-font-size\"><\/p>\n\n\n\n<p class=\"has-medium-font-size\"><strong>Edi\u00e7\u00e3o 08-07-2025<\/strong><\/p>\n\n\n\n<p><\/p>\n\n\n\n<p class=\"has-medium-font-size\"><strong>HIDROPAN DISTRIBUI\u00c7\u00c3O DE ENERGIA S.A.<\/strong><\/p>\n\n\n\n<p><\/p>\n\n\n\n<div class=\"_df_book df-lite\" id=\"df_11989\"  _slug=\"hidropan-distribuicao-de-energia-s-a\" data-title=\"hidropan-distribuicao-de-energia-s-a\" wpoptions=\"true\" thumbtype=\"\" ><\/div><script class=\"df-shortcode-script\" nowprocket type=\"application\/javascript\">window.option_df_11989 = {\"outline\":[],\"autoEnableOutline\":\"false\",\"autoEnableThumbnail\":\"false\",\"overwritePDFOutline\":\"false\",\"direction\":\"1\",\"pageSize\":\"0\",\"source\":\"https:\\\/\\\/anoticiadovale.com.br\\\/wp-content\\\/uploads\\\/2026\\\/02\\\/HIDROPAN-DISTRIBUICAO-DE-ENERGIA-SA-1.pdf\",\"wpOptions\":\"true\"}; if(window.DFLIP && window.DFLIP.parseBooks){window.DFLIP.parseBooks();}<\/script>\n\n\n\n<p class=\"has-medium-font-size\"><\/p>\n\n\n\n<p class=\"has-medium-font-size\"><strong>Edi\u00e7\u00e3o 16-04-2025<\/strong><\/p>\n\n\n\n<p><\/p>\n\n\n\n<p class=\"has-medium-font-size\"><strong>HIDROPAN DISTRIBUI\u00c7\u00c3O DE ENERGIA S.A.<\/strong><\/p>\n\n\n\n<p><\/p>\n\n\n\n<div class=\"_df_book df-lite\" id=\"df_11986\"  _slug=\"hidropan-distribuicao-de-energia-sa\" data-title=\"hidropan-distribuicao-de-energia-sa\" wpoptions=\"true\" thumbtype=\"\" ><\/div><script class=\"df-shortcode-script\" nowprocket type=\"application\/javascript\">window.option_df_11986 = {\"outline\":[],\"autoEnableOutline\":\"false\",\"autoEnableThumbnail\":\"false\",\"overwritePDFOutline\":\"false\",\"direction\":\"1\",\"pageSize\":\"0\",\"source\":\"https:\\\/\\\/anoticiadovale.com.br\\\/wp-content\\\/uploads\\\/2026\\\/02\\\/HIDROPAN-DISTRIBUICAO-DE-ENERGIA-SA.pdf\",\"wpOptions\":\"true\"}; if(window.DFLIP && window.DFLIP.parseBooks){window.DFLIP.parseBooks();}<\/script>\n\n\n\n<p class=\"has-medium-font-size\"><\/p>\n\n\n\n<p class=\"has-medium-font-size\"><strong>Edi\u00e7\u00e3o 01-04-2025<\/strong><\/p>\n\n\n\n<p><\/p>\n\n\n\n<p class=\"has-medium-font-size\"><strong>STROBEL SA &#8211; AGRICULTURA E PECU\u00c1RIA<\/strong><\/p>\n\n\n\n<p><\/p>\n\n\n\n<div class=\"_df_book df-lite\" id=\"df_11993\"  _slug=\"strobel-sa-agricultura-e-pecuaria\" data-title=\"strobel-sa-agricultura-e-pecuaria\" wpoptions=\"true\" thumbtype=\"\" ><\/div><script class=\"df-shortcode-script\" nowprocket type=\"application\/javascript\">window.option_df_11993 = {\"outline\":[],\"autoEnableOutline\":\"false\",\"autoEnableThumbnail\":\"false\",\"overwritePDFOutline\":\"false\",\"direction\":\"1\",\"pageSize\":\"0\",\"source\":\"https:\\\/\\\/anoticiadovale.com.br\\\/wp-content\\\/uploads\\\/2026\\\/02\\\/STROBEL-SA-AGRICULTURA-E-PECUARIA.pdf\",\"wpOptions\":\"true\"}; if(window.DFLIP && window.DFLIP.parseBooks){window.DFLIP.parseBooks();}<\/script>\n\n\n\n<p class=\"has-medium-font-size\"><\/p>\n\n\n\n<p><\/p>\n\n\n\n<p class=\"has-medium-font-size\"><strong>GUARITA AGROSUL SA<\/strong><\/p>\n\n\n\n<p><\/p>\n\n\n\n<div class=\"_df_book df-lite\" id=\"df_11998\"  _slug=\"guarita-agrosul-sa\" data-title=\"guarita-agrosul-sa\" wpoptions=\"true\" thumbtype=\"\" ><\/div><script class=\"df-shortcode-script\" nowprocket type=\"application\/javascript\">window.option_df_11998 = {\"outline\":[],\"autoEnableOutline\":\"false\",\"autoEnableThumbnail\":\"false\",\"overwritePDFOutline\":\"false\",\"direction\":\"1\",\"pageSize\":\"0\",\"source\":\"https:\\\/\\\/anoticiadovale.com.br\\\/wp-content\\\/uploads\\\/2026\\\/02\\\/GUARITA-AGROSUL-SA.pdf\",\"wpOptions\":\"true\"}; if(window.DFLIP && window.DFLIP.parseBooks){window.DFLIP.parseBooks();}<\/script>\n\n\n\n<p class=\"has-medium-font-size\"><\/p>\n\n\n\n<p><\/p>\n\n\n\n<p class=\"has-medium-font-size\"><strong>IRM\u00c3OS STROBEL SA<\/strong><\/p>\n\n\n\n<p><\/p>\n\n\n\n<div class=\"_df_book df-lite\" id=\"df_12002\"  _slug=\"irmaos-strobel-sa\" data-title=\"irmaos-strobel-sa\" wpoptions=\"true\" thumbtype=\"\" ><\/div><script class=\"df-shortcode-script\" nowprocket type=\"application\/javascript\">window.option_df_12002 = {\"outline\":[],\"autoEnableOutline\":\"false\",\"autoEnableThumbnail\":\"false\",\"overwritePDFOutline\":\"false\",\"direction\":\"1\",\"pageSize\":\"0\",\"source\":\"https:\\\/\\\/anoticiadovale.com.br\\\/wp-content\\\/uploads\\\/2026\\\/02\\\/IRMAOS-STROBEL-SA.pdf\",\"wpOptions\":\"true\"}; if(window.DFLIP && window.DFLIP.parseBooks){window.DFLIP.parseBooks();}<\/script>\n\n\n\n<p class=\"has-medium-font-size\"><strong>Edi\u00e7\u00f5es 26-03-2025<\/strong><\/p>\n\n\n\n<p><\/p>\n\n\n\n<p class=\"has-medium-font-size\"><strong>HIDROPAN DISTRIBUI\u00c7\u00c3O DE ENERGIA SA<\/strong><\/p>\n\n\n\n<p><\/p>\n\n\n\n<div class=\"_df_book df-lite\" id=\"df_12006\"  _slug=\"hidropan-distribuicao-de-energia-sa-2\" data-title=\"hidropan-distribuicao-de-energia-sa\" wpoptions=\"true\" thumbtype=\"\" ><\/div><script class=\"df-shortcode-script\" nowprocket type=\"application\/javascript\">window.option_df_12006 = {\"outline\":[],\"autoEnableOutline\":\"false\",\"autoEnableThumbnail\":\"false\",\"overwritePDFOutline\":\"false\",\"direction\":\"1\",\"pageSize\":\"0\",\"source\":\"https:\\\/\\\/anoticiadovale.com.br\\\/wp-content\\\/uploads\\\/2026\\\/02\\\/HIDROPAN-DISTRIBUICAO-DE-ENERGIA-SA-1-1.pdf\",\"wpOptions\":\"true\"}; if(window.DFLIP && window.DFLIP.parseBooks){window.DFLIP.parseBooks();}<\/script>\n\n\n\n<p class=\"has-medium-font-size\"><strong>Edi\u00e7\u00f5es 27-02-2025<\/strong><\/p>\n\n\n\n<p><\/p>\n\n\n\n<p class=\"has-medium-font-size\"><strong>KEPLER WEBER INDUSTRIAL S.A.<\/strong><\/p>\n\n\n\n<p><\/p>\n\n\n\n<div class=\"_df_book df-lite\" id=\"df_12011\"  _slug=\"kepler-weber-industrial-s-a\" data-title=\"kepler-weber-industrial-s-a\" wpoptions=\"true\" thumbtype=\"\" ><\/div><script class=\"df-shortcode-script\" nowprocket type=\"application\/javascript\">window.option_df_12011 = {\"outline\":[],\"autoEnableOutline\":\"false\",\"autoEnableThumbnail\":\"false\",\"overwritePDFOutline\":\"false\",\"direction\":\"1\",\"pageSize\":\"0\",\"source\":\"https:\\\/\\\/anoticiadovale.com.br\\\/wp-content\\\/uploads\\\/2026\\\/02\\\/KW-RELEASE-DE-RESULTADOS-2024.pdf\",\"wpOptions\":\"true\"}; if(window.DFLIP && window.DFLIP.parseBooks){window.DFLIP.parseBooks();}<\/script>\n\n\n\n<p class=\"has-medium-font-size\"><strong>Edi\u00e7\u00f5es 28-06-2024<\/strong><\/p>\n\n\n\n<p><\/p>\n\n\n\n<p class=\"has-medium-font-size\"><strong>HIDROPAN DISTRIBUI\u00c7\u00c3O DE ENERGIA S.A.<\/strong><\/p>\n\n\n\n<p><\/p>\n\n\n\n<div class=\"_df_book df-lite\" id=\"df_12015\"  _slug=\"hidropan-distribuicao-de-energia-s-a-2\" data-title=\"hidropan-distribuicao-de-energia-s-a\" wpoptions=\"true\" thumbtype=\"\" ><\/div><script class=\"df-shortcode-script\" nowprocket type=\"application\/javascript\">window.option_df_12015 = {\"outline\":[],\"autoEnableOutline\":\"false\",\"autoEnableThumbnail\":\"false\",\"overwritePDFOutline\":\"false\",\"direction\":\"1\",\"pageSize\":\"0\",\"source\":\"https:\\\/\\\/anoticiadovale.com.br\\\/wp-content\\\/uploads\\\/2026\\\/02\\\/HIDROPAN-DISTRIBUICAO-DE-ENERGIA-SA-Baixado-em-Assinadoc.pdf\",\"wpOptions\":\"true\"}; if(window.DFLIP && window.DFLIP.parseBooks){window.DFLIP.parseBooks();}<\/script>\n\n\n\n<p class=\"has-medium-font-size\"><strong>Edi\u00e7\u00f5es 12-04-2024<\/strong><\/p>\n\n\n\n<p><\/p>\n\n\n\n<p class=\"has-medium-font-size\"><strong>HIDROPAN DISTRIBUI\u00c7\u00c3O DE ENERGIA S.A.<\/strong><\/p>\n\n\n\n<p><\/p>\n\n\n\n<div class=\"_df_book df-lite\" id=\"df_12019\"  _slug=\"12019\" data-title=\"\" wpoptions=\"true\" thumbtype=\"\" ><\/div><script class=\"df-shortcode-script\" nowprocket type=\"application\/javascript\">window.option_df_12019 = {\"outline\":[],\"autoEnableOutline\":\"false\",\"autoEnableThumbnail\":\"false\",\"overwritePDFOutline\":\"false\",\"direction\":\"1\",\"pageSize\":\"0\",\"source\":\"https:\\\/\\\/anoticiadovale.com.br\\\/wp-content\\\/uploads\\\/2026\\\/02\\\/HIDROPAN-DISTRIBUICAO-DE-ENERGIA-S.A.-1.pdf\",\"wpOptions\":\"true\"}; if(window.DFLIP && window.DFLIP.parseBooks){window.DFLIP.parseBooks();}<\/script>\n\n\n\n<p><\/p>\n\n\n\n<p class=\"has-medium-font-size\"><strong>Edi\u00e7\u00f5es 28-03-2024<\/strong><\/p>\n\n\n\n<p><\/p>\n\n\n\n<p class=\"has-medium-font-size\"><strong>STROBEL S\/A &#8211; AGRICULTURA E PECU\u00c1RIA<\/strong><\/p>\n\n\n\n<p><\/p>\n\n\n\n<div class=\"_df_book df-lite\" id=\"df_12023\"  _slug=\"strobel-s-a-agricultura-e-pecuaria\" data-title=\"strobel-s-a-agricultura-e-pecuaria\" wpoptions=\"true\" thumbtype=\"\" ><\/div><script class=\"df-shortcode-script\" nowprocket type=\"application\/javascript\">window.option_df_12023 = {\"outline\":[],\"autoEnableOutline\":\"false\",\"autoEnableThumbnail\":\"false\",\"overwritePDFOutline\":\"false\",\"direction\":\"1\",\"pageSize\":\"0\",\"source\":\"https:\\\/\\\/anoticiadovale.com.br\\\/wp-content\\\/uploads\\\/2026\\\/02\\\/STROBEL-S_A-AGRICULTURA-E-PECUARIA.pdf\",\"wpOptions\":\"true\"}; if(window.DFLIP && window.DFLIP.parseBooks){window.DFLIP.parseBooks();}<\/script>\n\n\n\n<p><\/p>\n\n\n\n<p class=\"has-medium-font-size\"><strong>GUARITA AGROSUL S\/A<\/strong><\/p>\n\n\n\n<p><\/p>\n\n\n\n<div class=\"_df_book df-lite\" id=\"df_12026\"  _slug=\"guarita-agrosul-s-a\" data-title=\"guarita-agrosul-s-a\" wpoptions=\"true\" thumbtype=\"\" ><\/div><script class=\"df-shortcode-script\" nowprocket type=\"application\/javascript\">window.option_df_12026 = {\"outline\":[],\"autoEnableOutline\":\"false\",\"autoEnableThumbnail\":\"false\",\"overwritePDFOutline\":\"false\",\"direction\":\"1\",\"pageSize\":\"0\",\"source\":\"https:\\\/\\\/anoticiadovale.com.br\\\/wp-content\\\/uploads\\\/2026\\\/02\\\/GUARITA-AGROSUL-S_A.pdf\",\"wpOptions\":\"true\"}; if(window.DFLIP && window.DFLIP.parseBooks){window.DFLIP.parseBooks();}<\/script>\n\n\n\n<p><\/p>\n\n\n\n<p class=\"has-medium-font-size\"><strong>IRM\u00c3OS STROBEL S\/A<\/strong><\/p>\n\n\n\n<p><\/p>\n\n\n\n<div class=\"_df_book df-lite\" id=\"df_12002\"  _slug=\"irmaos-strobel-sa\" data-title=\"irmaos-strobel-sa\" wpoptions=\"true\" thumbtype=\"\" ><\/div><script class=\"df-shortcode-script\" nowprocket type=\"application\/javascript\">window.option_df_12002 = {\"outline\":[],\"autoEnableOutline\":\"false\",\"autoEnableThumbnail\":\"false\",\"overwritePDFOutline\":\"false\",\"direction\":\"1\",\"pageSize\":\"0\",\"source\":\"https:\\\/\\\/anoticiadovale.com.br\\\/wp-content\\\/uploads\\\/2026\\\/02\\\/IRMAOS-STROBEL-SA.pdf\",\"wpOptions\":\"true\"}; if(window.DFLIP && window.DFLIP.parseBooks){window.DFLIP.parseBooks();}<\/script>\n\n\n\n<p><\/p>\n\n\n\n<p class=\"has-medium-font-size\"><strong>Edi\u00e7\u00e3o 27-03-2024<\/strong><\/p>\n\n\n\n<p><\/p>\n\n\n\n<p class=\"has-medium-font-size\"><strong>HIDROPAN DISTRIBUI\u00c7\u00c3O DE ENERGIA S.A.<\/strong><\/p>\n\n\n\n<p><\/p>\n\n\n\n<div class=\"_df_book df-lite\" id=\"df_12035\"  _slug=\"hidropan-distribuicao-de-energia-s-a-3\" data-title=\"hidropan-distribuicao-de-energia-s-a\" wpoptions=\"true\" thumbtype=\"\" ><\/div><script class=\"df-shortcode-script\" nowprocket type=\"application\/javascript\">window.option_df_12035 = {\"outline\":[],\"autoEnableOutline\":\"false\",\"autoEnableThumbnail\":\"false\",\"overwritePDFOutline\":\"false\",\"direction\":\"1\",\"pageSize\":\"0\",\"source\":\"https:\\\/\\\/anoticiadovale.com.br\\\/wp-content\\\/uploads\\\/2026\\\/02\\\/Edicao-certificada-Hidropan-27_03_2024.pdf\",\"wpOptions\":\"true\"}; if(window.DFLIP && window.DFLIP.parseBooks){window.DFLIP.parseBooks();}<\/script>\n\n\n\n<p><\/p>\n\n\n\n<p class=\"has-medium-font-size\"><strong>Edi\u00e7\u00e3o 29-02-2024<\/strong><\/p>\n\n\n\n<p><\/p>\n\n\n\n<p class=\"has-medium-font-size\"><strong>KEPLER WEBER INDUSTRIAL S.A.<\/strong><\/p>\n\n\n\n<p>FALTA ESSE SIMIUIR O PDF<\/p>\n\n\n\n[fliph5 id=&#8221;embko-mwsi&#8221; width=&#8221;700px&#8221; height=&#8221;400px&#8221;]\n\n\n\n<p><\/p>\n\n\n\n<p class=\"has-medium-font-size\"><strong>Edi\u00e7\u00e3o 15-07-2023<\/strong><\/p>\n\n\n\n<p><\/p>\n\n\n\n<p class=\"has-medium-font-size\">HIDROPAN DISTRIBUI\u00c7\u00c3O DE ENERGIA S.A.<\/p>\n\n\n\n<p><\/p>\n\n\n\n<div class=\"_df_book df-lite\" id=\"df_12040\"  _slug=\"hidropan-distribuicao-de-energia-s-a-4\" data-title=\"hidropan-distribuicao-de-energia-s-a\" wpoptions=\"true\" thumbtype=\"\" ><\/div><script class=\"df-shortcode-script\" nowprocket type=\"application\/javascript\">window.option_df_12040 = {\"outline\":[],\"autoEnableOutline\":\"false\",\"autoEnableThumbnail\":\"false\",\"overwritePDFOutline\":\"false\",\"direction\":\"1\",\"pageSize\":\"0\",\"source\":\"https:\\\/\\\/anoticiadovale.com.br\\\/wp-content\\\/uploads\\\/2026\\\/02\\\/HIDROPAN-DISTRIBUICAO-DE-ENERGIA-S.A.-1-1.pdf\",\"wpOptions\":\"true\"}; if(window.DFLIP && window.DFLIP.parseBooks){window.DFLIP.parseBooks();}<\/script>\n\n\n\n<p><\/p>\n\n\n\n<p><\/p>\n\n\n\n<p class=\"has-medium-font-size\"><strong>Edi\u00e7\u00e3o 15-06-2023<\/strong><\/p>\n\n\n\n<p><\/p>\n\n\n\n<p class=\"has-medium-font-size\"><strong>HIDROPAN <\/strong><\/p>\n\n\n\n<p><\/p>\n\n\n\n[fliph5 id=&#8221;embko-gwah&#8221; width=&#8221;700px&#8221; height=&#8221;400px&#8221;]\n\n\n\n<p><\/p>\n\n\n\n<p class=\"has-medium-font-size\"><strong>Edi\u00e7\u00e3o 07-04-2023<\/strong><\/p>\n\n\n\n<p><\/p>\n\n\n\n<p class=\"has-medium-font-size\"><strong>HIDROPAN DISTRIBUI\u00c7\u00c3O DE ENERGIA S.A.<\/strong><\/p>\n\n\n\n<p><\/p>\n\n\n\n[fliph5 id=&#8221;embko-pjnu&#8221; width=&#8221;700px&#8221; height=&#8221;400px&#8221;]\n\n\n\n<p><\/p>\n\n\n\n<p class=\"has-medium-font-size\"><strong>Edi\u00e7\u00e3o 24-03-2023<\/strong><\/p>\n\n\n\n<p><\/p>\n\n\n\n<p class=\"has-medium-font-size\"><strong>HIDROPAN DISTRIBUIDORA DE ENERGIA<\/strong><\/p>\n\n\n\n<p><\/p>\n\n\n\n[fliph5 id=&#8221;embko-helh&#8221; width=&#8221;700px&#8221; height=&#8221;400px&#8221;]\n\n\n\n<p><\/p>\n\n\n\n<p class=\"has-medium-font-size\"><strong>Edi\u00e7\u00e3o 10-03-2023<\/strong><\/p>\n\n\n\n<p><\/p>\n\n\n\n<p class=\"has-medium-font-size\"><strong>GUARITA STROBEL<\/strong><\/p>\n\n\n\n[fliph5 id=&#8221;embko-aetv&#8221; width=&#8221;700px&#8221; height=&#8221;400px&#8221;]\n\n\n\n<p><\/p>\n\n\n\n<p class=\"has-medium-font-size\"><strong>STROBEL S.A.<\/strong><\/p>\n\n\n\n[fliph5 id=&#8221;embko-gmus&#8221; width=&#8221;700px&#8221; height=&#8221;400px&#8221;]\n\n\n\n<p><\/p>\n\n\n\n<p class=\"has-medium-font-size\"><strong>IRM\u00c3OS STROBEL<\/strong><\/p>\n\n\n\n[fliph5 id=&#8221;embko-hrzq&#8221; width=&#8221;700px&#8221; height=&#8221;400px&#8221;]\n\n\n\n<p><\/p>\n\n\n\n<p class=\"has-medium-font-size\"><strong>Edi\u00e7\u00e3o 16-02-23<\/strong><\/p>\n\n\n\n[fliph5 id=&#8221;embko-jyhf&#8221; width=&#8221;700px&#8221; height=&#8221;400px&#8221;]\n\n\n\n<p class=\"has-medium-font-size\"><strong>Edi\u00e7\u00e3o 13-12-22<\/strong><\/p>\n\n\n\n[fliph5 id=&#8221;embko-daln&#8221; width=&#8221;700px&#8221; height=&#8221;400px&#8221;]\n\n\n\n<p class=\"has-medium-font-size\"><strong><strong>Edi\u00e7\u00e3o 24-06-22<\/strong><\/strong><\/p>\n\n\n\n<p class=\"has-medium-font-size\"><strong>HIDROPAN DISTRIBUI\u00c7\u00c3O DE ENERGIA S.A.<\/strong><\/p>\n\n\n\n[fliph5 id=&#8221;embko-xqql&#8221; width=&#8221;700px&#8221; height=&#8221;400px&#8221;]\n\n\n\n<p class=\"has-medium-font-size\"><strong>HIDROPAR &#8211; HIDROPAN PARTICIPA\u00c7\u00d5ES S.A.<\/strong><\/p>\n\n\n\n[fliph5 id=&#8221;embko-gzkh&#8221; width=&#8221;700px&#8221; height=&#8221;400px&#8221;]\n\n\n\n<p class=\"has-medium-font-size\"><strong>KNORR PRODUTOS E SERVI\u00c7OS EL\u00c9TRICOS S.A.<\/strong><\/p>\n\n\n\n[fliph5 id=&#8221;embko-uzjp&#8221; width=&#8221;700px&#8221; height=&#8221;400px&#8221;]\n\n\n\n<p class=\"has-medium-font-size\"><strong>Edi\u00e7\u00e3o 14-04-22<\/strong><\/p>\n\n\n\n[fliph5 id=&#8221;embko-ipvk&#8221; width=&#8221;700px&#8221; height=&#8221;400px&#8221;]\n\n\n\n<p class=\"has-medium-font-size\"><strong>Edi\u00e7\u00e3o 29-03-22<\/strong><\/p>\n\n\n\n[fliph5 id=&#8221;embko-iwrv&#8221; width=&#8221;700px&#8221; height=&#8221;400px&#8221;]\n\n\n\n<p class=\"has-medium-font-size\"><strong>Edi\u00e7\u00e3o 18-02-22<\/strong><\/p>\n\n\n\n[fliph5 id=&#8221;embko-yybh&#8221; width=&#8221;700px&#8221; height=&#8221;400px&#8221;]\n\n\n\n<p><\/p>\n","protected":false},"excerpt":{"rendered":"<p>Edi\u00e7\u00e3o 19-12-2025 HIDROPAN DISTRIBUI\u00c7\u00c3O DE ENERGIA S.A. KNORR PRODUTOS E SERVI\u00c7OS EL\u00c9TRICOS S.A. Edi\u00e7\u00e3o 08-07-2025 HIDROPAN DISTRIBUI\u00c7\u00c3O DE ENERGIA S.A. Edi\u00e7\u00e3o 16-04-2025 HIDROPAN DISTRIBUI\u00c7\u00c3O DE ENERGIA S.A. Edi\u00e7\u00e3o 01-04-2025 STROBEL SA &#8211; AGRICULTURA E PECU\u00c1RIA GUARITA AGROSUL SA IRM\u00c3OS STROBEL SA Edi\u00e7\u00f5es 26-03-2025 HIDROPAN DISTRIBUI\u00c7\u00c3O DE ENERGIA SA Edi\u00e7\u00f5es 27-02-2025 KEPLER WEBER INDUSTRIAL S.A. Edi\u00e7\u00f5es [&hellip;]<\/p>\n","protected":false},"author":2,"featured_media":0,"parent":0,"menu_order":0,"comment_status":"closed","ping_status":"closed","template":"","meta":{"footnotes":""},"class_list":["post-11974","page","type-page","status-publish","hentry"],"_links":{"self":[{"href":"https:\/\/anoticiadovale.com.br\/index.php\/wp-json\/wp\/v2\/pages\/11974","targetHints":{"allow":["GET"]}}],"collection":[{"href":"https:\/\/anoticiadovale.com.br\/index.php\/wp-json\/wp\/v2\/pages"}],"about":[{"href":"https:\/\/anoticiadovale.com.br\/index.php\/wp-json\/wp\/v2\/types\/page"}],"author":[{"embeddable":true,"href":"https:\/\/anoticiadovale.com.br\/index.php\/wp-json\/wp\/v2\/users\/2"}],"replies":[{"embeddable":true,"href":"https:\/\/anoticiadovale.com.br\/index.php\/wp-json\/wp\/v2\/comments?post=11974"}],"version-history":[{"count":16,"href":"https:\/\/anoticiadovale.com.br\/index.php\/wp-json\/wp\/v2\/pages\/11974\/revisions"}],"predecessor-version":[{"id":12043,"href":"https:\/\/anoticiadovale.com.br\/index.php\/wp-json\/wp\/v2\/pages\/11974\/revisions\/12043"}],"wp:attachment":[{"href":"https:\/\/anoticiadovale.com.br\/index.php\/wp-json\/wp\/v2\/media?parent=11974"}],"curies":[{"name":"wp","href":"https:\/\/api.w.org\/{rel}","templated":true}]}}